{"id":166,"date":"2025-03-25T18:29:37","date_gmt":"2025-03-25T18:29:37","guid":{"rendered":"https:\/\/menoressinpantallas.mareator.es\/?page_id=166"},"modified":"2025-03-25T18:29:37","modified_gmt":"2025-03-25T18:29:37","slug":"actuar","status":"publish","type":"page","link":"https:\/\/menoressinpantallas.mareator.es\/index.php\/actuar\/","title":{"rendered":"Actuar"},"content":{"rendered":"<p>Adolescencia libre de m\u00f3viles:\u00a0<a href=\"https:\/\/adolescencialibredemoviles.es\">https:\/\/adolescencialibredemoviles.es<\/a><\/p>\n<p>Contactos de asociaciones locales de Adolescencia libre de m\u00f3viles:\u00a0<a href=\"https:\/\/adolescencialibredemoviles.es\/mapaProvincias.html\">https:\/\/adolescencialibredemoviles.es\/mapaProvincias.html<\/a><\/p>\n<p>EN BREVE SE PUBLICAR\u00c1 UNA WEB PARA APUNTARSE COMO FAMILIA QUE NO LE DAR\u00c1 EL TEL\u00c9FONO A SU HIJO EN CUALQUIER COLEGIO DE ESPA\u00d1A<\/p>\n","protected":false},"excerpt":{"rendered":"<p>Adolescencia libre de m\u00f3viles:\u00a0https:\/\/adolescencialibredemoviles.es Contactos de asociaciones locales de Adolescencia libre de m\u00f3viles:\u00a0https:\/\/adolescencialibredemoviles.es\/mapaProvincias.html EN BREVE SE PUBLICAR\u00c1 UNA WEB PARA APUNTARSE COMO FAMILIA QUE NO LE DAR\u00c1 EL TEL\u00c9FONO A SU HIJO EN CUALQUIER COLEGIO DE ESPA\u00d1A<\/p>\n","protected":false},"author":1,"featured_media":0,"parent":0,"menu_order":0,"comment_status":"closed","ping_status":"closed","template":"","meta":{"footnotes":""},"class_list":["post-166","page","type-page","status-publish","hentry"],"_links":{"self":[{"href":"https:\/\/menoressinpantallas.mareator.es\/index.php\/wp-json\/wp\/v2\/pages\/166","targetHints":{"allow":["GET"]}}],"collection":[{"href":"https:\/\/menoressinpantallas.mareator.es\/index.php\/wp-json\/wp\/v2\/pages"}],"about":[{"href":"https:\/\/menoressinpantallas.mareator.es\/index.php\/wp-json\/wp\/v2\/types\/page"}],"author":[{"embeddable":true,"href":"https:\/\/menoressinpantallas.mareator.es\/index.php\/wp-json\/wp\/v2\/users\/1"}],"replies":[{"embeddable":true,"href":"https:\/\/menoressinpantallas.mareator.es\/index.php\/wp-json\/wp\/v2\/comments?post=166"}],"version-history":[{"count":1,"href":"https:\/\/menoressinpantallas.mareator.es\/index.php\/wp-json\/wp\/v2\/pages\/166\/revisions"}],"predecessor-version":[{"id":167,"href":"https:\/\/menoressinpantallas.mareator.es\/index.php\/wp-json\/wp\/v2\/pages\/166\/revisions\/167"}],"wp:attachment":[{"href":"https:\/\/menoressinpantallas.mareator.es\/index.php\/wp-json\/wp\/v2\/media?parent=166"}],"curies":[{"name":"wp","href":"https:\/\/api.w.org\/{rel}","templated":true}]}}