{"id":22,"date":"2024-12-17T21:09:48","date_gmt":"2024-12-17T21:09:48","guid":{"rendered":"https:\/\/menoressinpantallas.mareator.es\/?page_id=22"},"modified":"2024-12-17T23:04:22","modified_gmt":"2024-12-17T23:04:22","slug":"informacion","status":"publish","type":"page","link":"https:\/\/menoressinpantallas.mareator.es\/index.php\/informacion\/","title":{"rendered":"Informaci\u00f3n"},"content":{"rendered":"<div style=\"background: #e2e2e8; padding: 15px; margin: 10px 0; border-radius: 8px; box-shadow: 0 2px 4px rgba(0, 0, 0, 0.1); text-align: left;\">\n<h2 style=\"color: #555; font-size: 18px;\">2024.Informe del comit\u00e9 de personas expertas para el desarrollo de un<br \/>\nentorno digital seguro para la juventud y la infancia<\/h2>\n<p style=\"color: #666; font-size: 14px;\">Informe <b>encargado por el Gobierno de Espa\u00f1a<\/b> y publicado este<br \/>\ndiciembre en Consejo de Ministros, desarrollado para realizar un<br \/>\ndiagn\u00f3stico y proponer medidas concretas para proporcionar un entorno<br \/>\ndigital seguro para la juventud y la infancia.<br \/>\n<b>Recomienda 0min de pantallas hasta los 6 a\u00f1os.<\/b><\/p>\n<p><a style=\"display: block; text-decoration: none; background: #66a6ff; color: white; padding: 10px 20px; border-radius: 5px; font-size: 16px; text-align: center; margin: 10px 0; transition: all 0.3s ease;\" href=\"https:\/\/escuelasaludable.org\/?p=5298\" target=\"_blank\" rel=\"noopener\">Ir al sitio web: Consideraciones sobre el informe<\/a><\/p>\n<p><a style=\"display: block; text-decoration: none; background: #66a6ff; color: white; padding: 10px 20px; border-radius: 5px; font-size: 16px; text-align: center; margin: 10px 0; transition: all 0.3s ease;\" href=\"\/docs\/Informe Comit\u00e9_Personas_Expertas.pdf\" target=\"_blank\" rel=\"noopener\">Documento: Informe del comit\u00e9 de personas expertas<\/a><\/p>\n<\/div>\n<div style=\"background: #e2e2e8; padding: 15px; margin: 10px 0; border-radius: 8px; box-shadow: 0 2px 4px rgba(0, 0, 0, 0.1); text-align: left;\">\n<h2 style=\"color: #555; font-size: 18px;\">2024.Pantallas e Internet en Menores<\/h2>\n<p style=\"color: #666; font-size: 14px;\">Documento personal de an\u00e1lisis de la situaci\u00f3n a 2024. En base a los estudios, informes y publicaciones existentes, se extraen y clasifican las conclusiones concretas.<\/p>\n<p><a style=\"display: block; text-decoration: none; background: #66a6ff; color: white; padding: 10px 20px; border-radius: 5px; font-size: 16px; text-align: center; margin: 10px 0; transition: all 0.3s ease;\" href=\"\/docs\/PIM.pdf\" target=\"_blank\" rel=\"noopener\">Documento: Pantallas e Internet en Menores<\/a><\/p>\n<\/div>\n<p>2019.EL PA\u00cdS: Los gur\u00fas digitales cr\u00edan a sus hijos sin pantallas En  Silicon Valley proliferan los colegios sin tabletas ni ordenadores y las  ni\u00f1eras con el m\u00f3vil prohibido por contrato<br \/>\n        <a\n          href=\"https:\/\/elpais.com\/especiales\/2019\/crecer-conectados\/gurus-digitales\/\"\n          class=\"document-link\"\n          target=\"_blank\"\n          >Ir a la noticia<br \/>\n        <\/a><\/p>\n","protected":false},"excerpt":{"rendered":"<p>2024.Informe del comit\u00e9 de personas expertas para el desarrollo de un entorno digital seguro para la juventud y la infancia Informe encargado por el Gobierno de Espa\u00f1a y publicado este diciembre en Consejo de Ministros, desarrollado para realizar un diagn\u00f3stico y proponer medidas concretas para proporcionar un entorno digital seguro para la juventud y la [&hellip;]<\/p>\n","protected":false},"author":1,"featured_media":0,"parent":0,"menu_order":0,"comment_status":"closed","ping_status":"closed","template":"","meta":{"footnotes":""},"class_list":["post-22","page","type-page","status-publish","hentry"],"_links":{"self":[{"href":"https:\/\/menoressinpantallas.mareator.es\/index.php\/wp-json\/wp\/v2\/pages\/22","targetHints":{"allow":["GET"]}}],"collection":[{"href":"https:\/\/menoressinpantallas.mareator.es\/index.php\/wp-json\/wp\/v2\/pages"}],"about":[{"href":"https:\/\/menoressinpantallas.mareator.es\/index.php\/wp-json\/wp\/v2\/types\/page"}],"author":[{"embeddable":true,"href":"https:\/\/menoressinpantallas.mareator.es\/index.php\/wp-json\/wp\/v2\/users\/1"}],"replies":[{"embeddable":true,"href":"https:\/\/menoressinpantallas.mareator.es\/index.php\/wp-json\/wp\/v2\/comments?post=22"}],"version-history":[{"count":9,"href":"https:\/\/menoressinpantallas.mareator.es\/index.php\/wp-json\/wp\/v2\/pages\/22\/revisions"}],"predecessor-version":[{"id":49,"href":"https:\/\/menoressinpantallas.mareator.es\/index.php\/wp-json\/wp\/v2\/pages\/22\/revisions\/49"}],"wp:attachment":[{"href":"https:\/\/menoressinpantallas.mareator.es\/index.php\/wp-json\/wp\/v2\/media?parent=22"}],"curies":[{"name":"wp","href":"https:\/\/api.w.org\/{rel}","templated":true}]}}