{"id":35,"date":"2024-12-17T22:36:11","date_gmt":"2024-12-17T22:36:11","guid":{"rendered":"https:\/\/menoressinpantallas.mareator.es\/?page_id=35"},"modified":"2025-02-19T09:33:43","modified_gmt":"2025-02-19T09:33:43","slug":"educacion-e-dixgal","status":"publish","type":"page","link":"https:\/\/menoressinpantallas.mareator.es\/index.php\/educacion-e-dixgal\/","title":{"rendered":"Educaci\u00f3n \/ E-dixgal"},"content":{"rendered":"<div style=\"background: #e2e2e8; padding: 15px; margin: 10px 0; border-radius: 8px; box-shadow: 0 2px 4px rgba(0, 0, 0, 0.1); text-align: left;\">\n<h2 style=\"color: #555;\">2024.Dixitalizaci\u00f3n da escola e edixgal<\/h2>\n<p style=\"color: #666; font-size: 14px;\">Informe elaborado por ANPAS GALEGAS, resultado de una <b>encuesta a casi 4000 familias<\/b> de colegios e institutos gallegos sobre <b>edixgal<\/b>. La encuesta es de mayo y el informe de septiembre.<\/p>\n<p><a style=\"display: block; text-decoration: none; background: #66a6ff; color: white; padding: 10px 20px; border-radius: 5px; font-size: 16px; text-align: center; margin: 10px 0; transition: all 0.3s ease;\" href=\"\/docs\/DIXITALIZACION-DA-ESCOLA-E-EDIXGAL.pdf\" target=\"_blank\" rel=\"noopener\">Documento: Dixitalizaci\u00f3n da escola e edixgal<\/a><\/p>\n<\/div>\n<p>2023.La Opini\u00f3n de La Coru\u00f1a: Suecia detiene su plan de digitalizaci\u00f3n de las escuelas para evitar \u201canalfabetos funcionales.\u201d<br \/>\n<a class=\"document-link\" href=\"https:\/\/www.laopinioncoruna.es\/sociedad\/2023\/05\/31\/suecia-detiene-plan-digitalizacion-escuelas-88109564.html\" target=\"_blank\" rel=\"noopener\">Ir a la noticia<br \/>\n<\/a><\/p>\n<div style=\"background: #e2e2e8; padding: 15px; margin: 10px 0; border-radius: 8px; box-shadow: 0 2px 4px rgba(0, 0, 0, 0.1); text-align: left;\">\n<h2 style=\"color: #555;\">2023.Informe sobre digitalizaci\u00f3n educativa en Suecia<\/h2>\n<p style=\"color: #666; font-size: 14px;\">El Instituto Karolinska responde a la consulta del ministerio: \u00abAs\u00ed pues, hay m\u00faltiples estudios que asocian mayor tiempo de pantalla con menor rendimiento acad\u00e9mico. Hace muchos a\u00f1os que se conocen los efectos negativos de la digitalizaci\u00f3n, pero la Agencia Nacional Sueca de Educaci\u00f3n parece no ser consciente de ello.<br \/>\n<b>Existen pruebas cient\u00edficas claras de que las herramientas digitales corren el riesgo de perjudicar, en lugar de mejorar, el aprendizaje de los alumnos\u00bb<\/b><\/p>\n<p><a style=\"display: block; text-decoration: none; background: #66a6ff; color: white; padding: 10px 20px; border-radius: 5px; font-size: 16px; text-align: center; margin: 10px 0; transition: all 0.3s ease;\" href=\"https:\/\/escuelasaludable.org\/wp-content\/uploads\/2021\/08\/Dictamen.Instituto.Karolinska.2023..pdf\" target=\"_blank\" rel=\"noopener\">Ir al sitio web<\/a><br \/>\n<a style=\"display: block; text-decoration: none; background: #66a6ff; color: white; padding: 10px 20px; border-radius: 5px; font-size: 16px; text-align: center; margin: 10px 0; transition: all 0.3s ease;\" href=\"\/docs\/Dictamen.Instituto.Karolinska.2023..pdf\" target=\"_blank\" rel=\"noopener\">Descargar Documento<\/a><\/p>\n<\/div>\n<div style=\"background: #e2e2e8; padding: 15px; margin: 10px 0; border-radius: 8px; box-shadow: 0 2px 4px rgba(0, 0, 0, 0.1); text-align: left;\">\n<h2 style=\"color: #555;\">2024.Manifiesto OFF: Por una escuela OFF<\/h2>\n<p style=\"color: #666; font-size: 14px;\">Necesidad de repensar la digitalizaci\u00f3n en las aulas:<br \/>\n<b>\u00abYa en 2015, un informe de la OCDE apuntaba que los pa\u00edses en los que se utilizaban los ordenadores en las aulas por encima de la media obten\u00edan resultados significativamente peores.\u00bb<\/b><\/p>\n<p><a style=\"display: block; text-decoration: none; background: #66a6ff; color: white; padding: 10px 20px; border-radius: 5px; font-size: 16px; text-align: center; margin: 10px 0; transition: all 0.3s ease;\" href=\"https:\/\/www.offm.org\/\" target=\"_blank\" rel=\"noopener\">Ir al sitio web de Manifiesto OFF<\/a><br \/>\n<a style=\"display: block; text-decoration: none; background: #66a6ff; color: white; padding: 10px 20px; border-radius: 5px; font-size: 16px; text-align: center; margin: 10px 0; transition: all 0.3s ease;\" href=\"\/docs\/ManifiestoOFF_ES.pdf\" target=\"_blank\" rel=\"noopener\">Descargar Documento: Manifiesto OFF<\/a><\/p>\n<\/div>\n<div style=\"background: #e2e2e8; padding: 15px; margin: 10px 0; border-radius: 8px; box-shadow: 0 2px 4px rgba(0, 0, 0, 0.1); text-align: left;\">\n<h2 style=\"color: #555;\">2024.Impacto de los dispositivos digitales en el sistema educativo<\/h2>\n<p style=\"color: #666; font-size: 14px;\">Los pediatras (Asociaci\u00f3n Espa\u00f1ola de Pediatr\u00eda) plantean reevaluar el uso de pantallas en la ense\u00f1anza:<br \/>\n<b>\u00abhay m\u00faltiples estudios que asocian mayor tiempo de pantalla con menor rendimiento acad\u00e9mico.\u00bb<\/b><\/p>\n<p><a style=\"display: block; text-decoration: none; background: #66a6ff; color: white; padding: 10px 20px; border-radius: 5px; font-size: 16px; text-align: center; margin: 10px 0; transition: all 0.3s ease;\" href=\"https:\/\/www.aeped.es\/sites\/default\/files\/20240306_ndp_aep_digitalizacion_de_la_ensenanza.pdf\" target=\"_blank\" rel=\"noopener\">Ir al sitio web<\/a><br \/>\n<a style=\"display: block; text-decoration: none; background: #66a6ff; color: white; padding: 10px 20px; border-radius: 5px; font-size: 16px; text-align: center; margin: 10px 0; transition: all 0.3s ease;\" href=\"\/docs\/impacto_de_los_dispositivos_digitales_en_el_sistema_educativo_cps_1.pdf\" target=\"_blank\" rel=\"noopener\">Descargar Documento<\/a><\/p>\n<\/div>\n<h4><strong>Centros que han dejado E-dixgal a 2024:<\/strong><\/h4>\n<p>CEIP de Celeiro, en Viveiro (2024)<br \/>\nCEIP Rosal\u00eda de Castro, en A Coru\u00f1a (2024)<br \/>\nColegio Castelao, en Rianxo (2024)<br \/>\nIES de Coruxo, en Vigo (2024)<br \/>\nColexio Pluriling\u00fce San Jos\u00e9 La Grande Obra de Atocha, en Pontedeume (2024)<br \/>\nColexio de Pr\u00e1cticas, en A Coru\u00f1a (2024)<br \/>\nCEIP Sagrado Coraz\u00f3n, en Lugo (2024)<br \/>\nColexio Fontes-Ba\u00ed\u00f1a, en Baiona (2024)<br \/>\nCEE Mar\u00eda Mari\u00f1o, en A Coru\u00f1a (2024)<\/p>\n<p>CEIP San Benito do L\u00e9rez (Pontevedra capital)<\/p>\n<p>CEIP Apostolo Santiago<\/p>\n<p>San Pedro de Visma, Coru\u00f1a<\/p>\n<h4><strong>Los tent\u00e1culos de Google en nuestras escuelas:<br \/>\n<\/strong><\/h4>\n<p>El Mundo.2024: <a href=\"https:\/\/www.elmundo.es\/espana\/2024\/12\/26\/676db03721efa0797b8b459c.html\">Alegr\u00eda renuncia a la utilizaci\u00f3n de Google Classroom en sus colegios para proteger la privacidad de los datos de los menores<\/a><\/p>\n<p>El Mundo.2024: <a href=\"https:\/\/www.elmundo.es\/espana\/2024\/12\/26\/676db6c0e9cf4a55098b4586.html\">El Mundo.2024: Alegr\u00eda renuncia a la utilizaci\u00f3n de Google Classroom en sus colegios para proteger la privacidad de los datos de los menores<\/a><\/p>\n<p>&nbsp;<\/p>\n<p>Europapress 16\/12\/2024: <a href=\"https:\/\/menoressinpantallas.mareator.es\/wp-content\/uploads\/2024\/12\/16.12.24.europapress.pdf\">Familias, educadores y ecologistas piden que \u00abno sean necesarias las pantallas\u00bb en los colegios<\/a><\/p>\n","protected":false},"excerpt":{"rendered":"<p>2024.Dixitalizaci\u00f3n da escola e edixgal Informe elaborado por ANPAS GALEGAS, resultado de una encuesta a casi 4000 familias de colegios e institutos gallegos sobre edixgal. La encuesta es de mayo y el informe de septiembre. Documento: Dixitalizaci\u00f3n da escola e edixgal 2023.La Opini\u00f3n de La Coru\u00f1a: Suecia detiene su plan de digitalizaci\u00f3n de las escuelas [&hellip;]<\/p>\n","protected":false},"author":1,"featured_media":0,"parent":0,"menu_order":0,"comment_status":"closed","ping_status":"closed","template":"","meta":{"footnotes":""},"class_list":["post-35","page","type-page","status-publish","hentry"],"_links":{"self":[{"href":"https:\/\/menoressinpantallas.mareator.es\/index.php\/wp-json\/wp\/v2\/pages\/35","targetHints":{"allow":["GET"]}}],"collection":[{"href":"https:\/\/menoressinpantallas.mareator.es\/index.php\/wp-json\/wp\/v2\/pages"}],"about":[{"href":"https:\/\/menoressinpantallas.mareator.es\/index.php\/wp-json\/wp\/v2\/types\/page"}],"author":[{"embeddable":true,"href":"https:\/\/menoressinpantallas.mareator.es\/index.php\/wp-json\/wp\/v2\/users\/1"}],"replies":[{"embeddable":true,"href":"https:\/\/menoressinpantallas.mareator.es\/index.php\/wp-json\/wp\/v2\/comments?post=35"}],"version-history":[{"count":15,"href":"https:\/\/menoressinpantallas.mareator.es\/index.php\/wp-json\/wp\/v2\/pages\/35\/revisions"}],"predecessor-version":[{"id":164,"href":"https:\/\/menoressinpantallas.mareator.es\/index.php\/wp-json\/wp\/v2\/pages\/35\/revisions\/164"}],"wp:attachment":[{"href":"https:\/\/menoressinpantallas.mareator.es\/index.php\/wp-json\/wp\/v2\/media?parent=35"}],"curies":[{"name":"wp","href":"https:\/\/api.w.org\/{rel}","templated":true}]}}