{"id":50,"date":"2024-12-17T23:07:38","date_gmt":"2024-12-17T23:07:38","guid":{"rendered":"https:\/\/menoressinpantallas.mareator.es\/?page_id=50"},"modified":"2024-12-19T11:26:24","modified_gmt":"2024-12-19T11:26:24","slug":"libros-publicaciones","status":"publish","type":"page","link":"https:\/\/menoressinpantallas.mareator.es\/index.php\/libros-publicaciones\/","title":{"rendered":"Libros \/ Publicaciones"},"content":{"rendered":"<div style=\"background: #e2e2e8; padding: 15px; margin: 10px 0; border-radius: 8px; box-shadow: 0 2px 4px rgba(0, 0, 0, 0.1); text-align: left;\">\n        Zarzuela Arag\u00f3n, Javier (2022). Stop TIC infancia. Por qu\u00e9        desdigitalizar la escuela. Editorial C\u00edrculo Rojo.\n      <\/div>\n<div style=\"background: #e2e2e8; padding: 15px; margin: 10px 0; border-radius: 8px; box-shadow: 0 2px 4px rgba(0, 0, 0, 0.1); text-align: left;\">\n        Couso, Mar\u00eda (2024). Cerebro y pantallas. C\u00f3mo las pantallas impactan en el desarrollo cognitivo en la infancia y la adolescencia. Ediciones Destino\n      <\/div>\n<div style=\"background: #e2e2e8; padding: 15px; margin: 10px 0; border-radius: 8px; box-shadow: 0 2px 4px rgba(0, 0, 0, 0.1); text-align: left;\">\n        Desmurget, Michel (2020). La fabrica de cretinos digitales: los peligros        de las pantallas para nuestros hijos los peligros de las pantallas para        nuestros hijos. Ediciones Pen\u00ednsula.\n      <\/div>\n<div style=\"background: #e2e2e8; padding: 15px; margin: 10px 0; border-radius: 8px; box-shadow: 0 2px 4px rgba(0, 0, 0, 0.1); text-align: left;\">\n        Villar Cabeza, Francisco (2023). C\u00f3mo las pantallas devoran a nuestros        hijos. Editorial herder.\n      <\/div>\n<div style=\"background: #e2e2e8; padding: 15px; margin: 10px 0; border-radius: 8px; box-shadow: 0 2px 4px rgba(0, 0, 0, 0.1); text-align: left;\">\n        Desmurget, Michel (2024). M\u00e1s libros y menos pantallas c\u00f3mo acabar con        los cretinos digitales. Ediciones Pen\u00ednsula.\n      <\/div>\n<div style=\"background: #e2e2e8; padding: 15px; margin: 10px 0; border-radius: 8px; box-shadow: 0 2px 4px rgba(0, 0, 0, 0.1); text-align: left;\">\nTesis: V\u00e1zquez Atochero, A. (2015). El mito del nativo digital:        Repensando el paradigma Prenskyano. Universidad de Extremadura.<b          >\u00abTras entrevistar en presencia a casi mil adolescentes y analizar          digitalmente los comportamientos de casi 3000, esta tesis afirma que          el nativo digital no existe\u00bb<\/b\n        ><br \/>\n        <a\n          href=\"https:\/\/dialnet.unirioja.es\/descarga\/articulo\/9149803.pdf\"\n          class=\"document-link\"\n          target=\"_blank\"\n          >Ver tesis<br \/>\n        <\/a>\n      <\/div>\n","protected":false},"excerpt":{"rendered":"<p>Zarzuela Arag\u00f3n, Javier (2022). Stop TIC infancia. Por qu\u00e9 desdigitalizar la escuela. Editorial C\u00edrculo Rojo. Couso, Mar\u00eda (2024). Cerebro y pantallas. C\u00f3mo las pantallas impactan en el desarrollo cognitivo en la infancia y la adolescencia. Ediciones Destino Desmurget, Michel (2020). La fabrica de cretinos digitales: los peligros de las pantallas para nuestros hijos los peligros [&hellip;]<\/p>\n","protected":false},"author":1,"featured_media":0,"parent":0,"menu_order":0,"comment_status":"closed","ping_status":"closed","template":"","meta":{"footnotes":""},"class_list":["post-50","page","type-page","status-publish","hentry"],"_links":{"self":[{"href":"https:\/\/menoressinpantallas.mareator.es\/index.php\/wp-json\/wp\/v2\/pages\/50","targetHints":{"allow":["GET"]}}],"collection":[{"href":"https:\/\/menoressinpantallas.mareator.es\/index.php\/wp-json\/wp\/v2\/pages"}],"about":[{"href":"https:\/\/menoressinpantallas.mareator.es\/index.php\/wp-json\/wp\/v2\/types\/page"}],"author":[{"embeddable":true,"href":"https:\/\/menoressinpantallas.mareator.es\/index.php\/wp-json\/wp\/v2\/users\/1"}],"replies":[{"embeddable":true,"href":"https:\/\/menoressinpantallas.mareator.es\/index.php\/wp-json\/wp\/v2\/comments?post=50"}],"version-history":[{"count":7,"href":"https:\/\/menoressinpantallas.mareator.es\/index.php\/wp-json\/wp\/v2\/pages\/50\/revisions"}],"predecessor-version":[{"id":73,"href":"https:\/\/menoressinpantallas.mareator.es\/index.php\/wp-json\/wp\/v2\/pages\/50\/revisions\/73"}],"wp:attachment":[{"href":"https:\/\/menoressinpantallas.mareator.es\/index.php\/wp-json\/wp\/v2\/media?parent=50"}],"curies":[{"name":"wp","href":"https:\/\/api.w.org\/{rel}","templated":true}]}}