{"id":81,"date":"2024-12-20T21:05:29","date_gmt":"2024-12-20T21:05:29","guid":{"rendered":"https:\/\/menoressinpantallas.mareator.es\/?page_id=81"},"modified":"2024-12-20T21:15:02","modified_gmt":"2024-12-20T21:15:02","slug":"recomendaciones","status":"publish","type":"page","link":"https:\/\/menoressinpantallas.mareator.es\/index.php\/recomendaciones\/","title":{"rendered":"Recomendaciones \/ Legislaci\u00f3n"},"content":{"rendered":"<div class=\"full-width-image\"><img loading=\"lazy\" decoding=\"async\" class=\"alignnone size-full wp-image-86\" src=\"https:\/\/menoressinpantallas.mareator.es\/wp-content\/uploads\/2024\/12\/Recomendaciones-por-edades-1.png\" alt=\"\" width=\"1124\" height=\"795\" srcset=\"https:\/\/menoressinpantallas.mareator.es\/wp-content\/uploads\/2024\/12\/Recomendaciones-por-edades-1.png 1124w, https:\/\/menoressinpantallas.mareator.es\/wp-content\/uploads\/2024\/12\/Recomendaciones-por-edades-1-300x212.png 300w, https:\/\/menoressinpantallas.mareator.es\/wp-content\/uploads\/2024\/12\/Recomendaciones-por-edades-1-1024x724.png 1024w, https:\/\/menoressinpantallas.mareator.es\/wp-content\/uploads\/2024\/12\/Recomendaciones-por-edades-1-768x543.png 768w\" sizes=\"auto, (max-width: 1124px) 100vw, 1124px\" \/><\/div>\n<h2><strong>Legislaci\u00f3n<\/strong><\/h2>\n<h3>\u25aa <strong>Espa\u00f1a<\/strong>: Prohibido el uso de redes sociales por menores de 14 a\u00f1os, por la Ley de Protecci\u00f3n de Datos.<br \/>\n\u25aa <strong>Taiw\u00e1n<\/strong>: Prohibido pantallas de 0 a 2 a\u00f1os. Obligatorio limitar el tiempo de pantalla de 3 a 18 a\u00f1os [18].<br \/>\n\u25aa <strong>China<\/strong>:<br \/>\n\u2022 Los menores solo pueden jugar durante una hora al d\u00eda, de 8:00 p.m. a 9:00 p.m., y \u00fanicamente los viernes, fines de semana y d\u00edas festivos.<br \/>\n\u2022 Tiempo m\u00e1ximo de exposici\u00f3n semanal: L-V 90min \/ d\u00eda | fin de semana 180min \/ d\u00eda.<br \/>\n\u2022 Tiktok para menores de 14 a\u00f1os: S\u00f3lo 40 min al d\u00eda de contenidos culturales, prohibido de 22 a 06h.<br \/>\n\u25aa <strong>Australia<\/strong>: Prohibido el uso de redes sociales por menores de 16 a\u00f1os.<\/h3>\n","protected":false},"excerpt":{"rendered":"<p>Legislaci\u00f3n \u25aa Espa\u00f1a: Prohibido el uso de redes sociales por menores de 14 a\u00f1os, por la Ley de Protecci\u00f3n de Datos. \u25aa Taiw\u00e1n: Prohibido pantallas de 0 a 2 a\u00f1os. Obligatorio limitar el tiempo de pantalla de 3 a 18 a\u00f1os [18]. \u25aa China: \u2022 Los menores solo pueden jugar durante una hora al d\u00eda, [&hellip;]<\/p>\n","protected":false},"author":1,"featured_media":0,"parent":0,"menu_order":0,"comment_status":"closed","ping_status":"closed","template":"","meta":{"footnotes":""},"class_list":["post-81","page","type-page","status-publish","hentry"],"_links":{"self":[{"href":"https:\/\/menoressinpantallas.mareator.es\/index.php\/wp-json\/wp\/v2\/pages\/81","targetHints":{"allow":["GET"]}}],"collection":[{"href":"https:\/\/menoressinpantallas.mareator.es\/index.php\/wp-json\/wp\/v2\/pages"}],"about":[{"href":"https:\/\/menoressinpantallas.mareator.es\/index.php\/wp-json\/wp\/v2\/types\/page"}],"author":[{"embeddable":true,"href":"https:\/\/menoressinpantallas.mareator.es\/index.php\/wp-json\/wp\/v2\/users\/1"}],"replies":[{"embeddable":true,"href":"https:\/\/menoressinpantallas.mareator.es\/index.php\/wp-json\/wp\/v2\/comments?post=81"}],"version-history":[{"count":3,"href":"https:\/\/menoressinpantallas.mareator.es\/index.php\/wp-json\/wp\/v2\/pages\/81\/revisions"}],"predecessor-version":[{"id":87,"href":"https:\/\/menoressinpantallas.mareator.es\/index.php\/wp-json\/wp\/v2\/pages\/81\/revisions\/87"}],"wp:attachment":[{"href":"https:\/\/menoressinpantallas.mareator.es\/index.php\/wp-json\/wp\/v2\/media?parent=81"}],"curies":[{"name":"wp","href":"https:\/\/api.w.org\/{rel}","templated":true}]}}